{"id":241,"date":"2022-02-14T09:53:07","date_gmt":"2022-02-14T08:53:07","guid":{"rendered":"http:\/\/www.johnson-detox.com\/?page_id=241"},"modified":"2022-05-06T15:40:28","modified_gmt":"2022-05-06T13:40:28","slug":"qui-sommes-nous","status":"publish","type":"page","link":"https:\/\/www.cure-detox.cg\/index.php\/qui-sommes-nous\/","title":{"rendered":"Qui sommes nous"},"content":{"rendered":"\n<blockquote class=\"wp-block-quote is-layout-flow wp-block-quote-is-layout-flow\"><p>\u201cC&rsquo;est par le bien-faire que se cr\u00e9e le bien-\u00eatre.\u201d<\/p><cite>Proverbe Chinois<\/cite><\/blockquote>\n\n\n\n<h2 class=\"wp-block-heading\">Cure Detox : Eau Intelligente ! <\/h2>\n\n\n\n<p>l&rsquo;eau intelligente cure detox se caract\u00e9rise par sa capacit\u00e9 \u00e0 agir sur les cellules et r\u00e9pondre au besoin de l&rsquo;organisme. Avec sa formule \u00e0 base de feuille d&rsquo;ortie, de corossol et de citronnelle qui sont les plantes connues du monde scientifique pour leur propri\u00e9t\u00e9 alimentaires et th\u00e9rapeutiques; Cure Detox est un produit 100% bio pour tous, de tout \u00e2ge sans restriction d&rsquo;\u00e9tat. <\/p>\n\n\n\n<p>Produit par Johnson Detox, jeune entreprise congolaise port\u00e9e par un collectif de jeunes qui font du bien \u00eatre une priorit\u00e9. Elle s&rsquo;est donn\u00e9e comme objectif de produire et d\u00e9mocratiser des produits naturels de qualit\u00e9 pour am\u00e9liorer la sant\u00e9 des congolais pour commencer et du reste du monde dans un avenir proche. Entre la cor\u00e9e et le Congo, depuis les montagnes de 45 se fabrique un compl\u00e9ment alimentaire de qualit\u00e9 sup\u00e9rieure et naturel. <\/p>\n\n\n\n<h2 class=\"wp-block-heading\">Porteurs de projets <\/h2>\n\n\n\n<div class=\"wp-block-media-text alignfull has-media-on-the-right is-stacked-on-mobile is-vertically-aligned-top has-text-color has-background has-link-color wp-elements-a276d4f9e0bc58731b62fd798c97421e\" style=\"background-color:#121c1c;color:#fffdc7;grid-template-columns:auto 60%\"><figure class=\"wp-block-media-text__media\"><img decoding=\"async\" src=\"https:\/\/s.w.org\/patterns\/files\/2021\/06\/image-from-rawpixel-id-430289-jpeg-1-1024x1024.jpg\" alt=\"\" class=\"wp-image-590 size-full\"\/><\/figure><div class=\"wp-block-media-text__content\">\n<div class=\"wp-block-group has-link-color wp-elements-ee61a3653e44280067f52b6b1f02506c\" style=\"padding-top:2em;padding-right:2em;padding-bottom:2em;padding-left:2em\"><div class=\"wp-block-group__inner-container is-layout-flow wp-block-group-is-layout-flow\">\n<h2 class=\"wp-block-heading\" style=\"font-size:48px;font-weight:700;line-height:1.15\">Opening <br>Party<\/h2>\n\n\n\n<p class=\"has-text-color has-link-color wp-elements-0860918d5b16b9e1778b1966b333b980\" style=\"color:#fffdc7\"><strong><a href=\"#\">RSVP \u2192<\/a><\/strong><\/p>\n<\/div><\/div>\n<\/div><\/div>\n\n\n\n<h2 class=\"wp-block-heading\">La Petite Histoire <\/h2>\n\n\n\n<p><\/p>\n","protected":false},"excerpt":{"rendered":"<p>\u201cC&rsquo;est par le bien-faire que se cr\u00e9e le bien-\u00eatre.\u201d Proverbe Chinois Cure Detox : Eau Intelligente ! l&rsquo;eau intelligente cure detox se caract\u00e9rise par sa capacit\u00e9 \u00e0 agir sur les cellules et r\u00e9pondre au besoin de l&rsquo;organisme. Avec sa formule \u00e0 base de feuille d&rsquo;ortie, de corossol et de citronnelle qui sont les plantes connues [&hellip;]<\/p>\n","protected":false},"author":1,"featured_media":0,"parent":0,"menu_order":0,"comment_status":"closed","ping_status":"closed","template":"","meta":{"footnotes":""},"class_list":["post-241","page","type-page","status-publish","hentry"],"_links":{"self":[{"href":"https:\/\/www.cure-detox.cg\/index.php\/wp-json\/wp\/v2\/pages\/241","targetHints":{"allow":["GET"]}}],"collection":[{"href":"https:\/\/www.cure-detox.cg\/index.php\/wp-json\/wp\/v2\/pages"}],"about":[{"href":"https:\/\/www.cure-detox.cg\/index.php\/wp-json\/wp\/v2\/types\/page"}],"author":[{"embeddable":true,"href":"https:\/\/www.cure-detox.cg\/index.php\/wp-json\/wp\/v2\/users\/1"}],"replies":[{"embeddable":true,"href":"https:\/\/www.cure-detox.cg\/index.php\/wp-json\/wp\/v2\/comments?post=241"}],"version-history":[{"count":6,"href":"https:\/\/www.cure-detox.cg\/index.php\/wp-json\/wp\/v2\/pages\/241\/revisions"}],"predecessor-version":[{"id":295,"href":"https:\/\/www.cure-detox.cg\/index.php\/wp-json\/wp\/v2\/pages\/241\/revisions\/295"}],"wp:attachment":[{"href":"https:\/\/www.cure-detox.cg\/index.php\/wp-json\/wp\/v2\/media?parent=241"}],"curies":[{"name":"wp","href":"https:\/\/api.w.org\/{rel}","templated":true}]}}